{"id":111527,"date":"2022-08-04T23:44:50","date_gmt":"2022-08-04T21:44:50","guid":{"rendered":"https:\/\/brocken.bbmms.net\/?page_id=111527"},"modified":"2022-08-05T23:29:36","modified_gmt":"2022-08-05T21:29:36","slug":"nomenklatur","status":"publish","type":"page","link":"https:\/\/gourmetfestivals.de\/en\/nomenklatur\/","title":{"rendered":"Nomenklatur"},"content":{"rendered":"\t\t<div data-elementor-type=\"wp-page\" data-elementor-id=\"111527\" class=\"elementor elementor-111527\" data-elementor-post-type=\"page\">\n\t\t\t\t\t\t<section class=\"elementor-section elementor-top-section elementor-element elementor-element-9dd2689 elementor-section-stretched elementor-section-boxed elementor-section-height-default elementor-section-height-default\" data-id=\"9dd2689\" data-element_type=\"section\" data-e-type=\"section\" data-settings=\"{&quot;stretch_section&quot;:&quot;section-stretched&quot;,&quot;background_background&quot;:&quot;slideshow&quot;,&quot;background_slideshow_gallery&quot;:[{&quot;id&quot;:1483,&quot;url&quot;:&quot;https:\\\/\\\/gourmetfestivals.de\\\/wp-content\\\/uploads\\\/2020\\\/03\\\/grau.png&quot;}],&quot;background_slideshow_loop&quot;:&quot;yes&quot;,&quot;background_slideshow_slide_duration&quot;:5000,&quot;background_slideshow_slide_transition&quot;:&quot;fade&quot;,&quot;background_slideshow_transition_duration&quot;:500}\">\n\t\t\t\t\t\t<div class=\"elementor-container elementor-column-gap-default\">\n\t\t\t\t\t<div class=\"elementor-column elementor-col-100 elementor-top-column elementor-element elementor-element-5c88523\" data-id=\"5c88523\" data-element_type=\"column\" data-e-type=\"column\">\n\t\t\t<div class=\"elementor-widget-wrap elementor-element-populated\">\n\t\t\t\t\t\t<div class=\"elementor-element elementor-element-6771b54 hyphenate elementor-widget elementor-widget-heading\" data-id=\"6771b54\" data-element_type=\"widget\" data-e-type=\"widget\" data-widget_type=\"heading.default\">\n\t\t\t\t<div class=\"elementor-widget-container\">\n\t\t\t\t\t<h1 class=\"elementor-heading-title elementor-size-default\">Nomenklatur<\/h1>\t\t\t\t<\/div>\n\t\t\t\t<\/div>\n\t\t\t\t<div class=\"elementor-element elementor-element-16c1e85 elementor-widget elementor-widget-spacer\" data-id=\"16c1e85\" data-element_type=\"widget\" data-e-type=\"widget\" data-widget_type=\"spacer.default\">\n\t\t\t\t<div class=\"elementor-widget-container\">\n\t\t\t\t\t\t\t<div class=\"elementor-spacer\">\n\t\t\t<div class=\"elementor-spacer-inner\"><\/div>\n\t\t<\/div>\n\t\t\t\t\t\t<\/div>\n\t\t\t\t<\/div>\n\t\t\t\t\t<\/div>\n\t\t<\/div>\n\t\t\t\t\t<\/div>\n\t\t<\/section>\n\t\t\t\t<section class=\"elementor-section elementor-top-section elementor-element elementor-element-60f93f5 elementor-section-stretched hyphenate elementor-section-boxed elementor-section-height-default elementor-section-height-default\" data-id=\"60f93f5\" data-element_type=\"section\" data-e-type=\"section\" data-settings=\"{&quot;stretch_section&quot;:&quot;section-stretched&quot;}\" hyphenate=\"\">\n\t\t\t\t\t\t<div class=\"elementor-container elementor-column-gap-no\">\n\t\t\t\t\t<div class=\"elementor-column elementor-col-100 elementor-top-column elementor-element elementor-element-98a10a4\" data-id=\"98a10a4\" data-element_type=\"column\" data-e-type=\"column\">\n\t\t\t<div class=\"elementor-widget-wrap elementor-element-populated\">\n\t\t\t\t\t\t<div class=\"elementor-element elementor-element-bfbde8c elementor-widget elementor-widget-spacer\" data-id=\"bfbde8c\" data-element_type=\"widget\" data-e-type=\"widget\" data-widget_type=\"spacer.default\">\n\t\t\t\t<div class=\"elementor-widget-container\">\n\t\t\t\t\t\t\t<div class=\"elementor-spacer\">\n\t\t\t<div class=\"elementor-spacer-inner\"><\/div>\n\t\t<\/div>\n\t\t\t\t\t\t<\/div>\n\t\t\t\t<\/div>\n\t\t\t\t\t<\/div>\n\t\t<\/div>\n\t\t\t\t\t<\/div>\n\t\t<\/section>\n\t\t\t\t<section class=\"elementor-section elementor-top-section elementor-element elementor-element-a2d1715 elementor-section-boxed elementor-section-height-default elementor-section-height-default\" data-id=\"a2d1715\" data-element_type=\"section\" data-e-type=\"section\">\n\t\t\t\t\t\t<div class=\"elementor-container elementor-column-gap-default\">\n\t\t\t\t\t<div class=\"elementor-column elementor-col-100 elementor-top-column elementor-element elementor-element-f84b242\" data-id=\"f84b242\" data-element_type=\"column\" data-e-type=\"column\">\n\t\t\t<div class=\"elementor-widget-wrap elementor-element-populated\">\n\t\t\t\t\t\t<div class=\"elementor-element elementor-element-3d7932c elementor-widget elementor-widget-text-editor\" data-id=\"3d7932c\" data-element_type=\"widget\" data-e-type=\"widget\" data-widget_type=\"text-editor.default\">\n\t\t\t\t<div class=\"elementor-widget-container\">\n\t\t\t\t\t\t\t\t\t<p>Wir freuen uns \u00fcber Aussteller aus den folgenden Produkt- und Dienstleistungskategorien:<\/p><p>\u00a0<\/p><ul><li>Alkoholfreie Getr\u00e4nke und S\u00e4fte<\/li><li>Bio-Produkte, Biokost<\/li><li>Bier<\/li><li>Brot, Backwaren<\/li><li>Brotaufstrich<\/li><li>Cocktails<\/li><li>Eiskrem<\/li><li>Essige<\/li><li>Feinkost und<\/li><li>Delikatessen<\/li><li>Fisch \u2013 und Meeresfr\u00fcchte<\/li><li>Fleisch, Gefl\u00fcgel<\/li><li>Gastronomie (Gourmet Speisekarte), Hotels, Restaurants, Catering<\/li><li>Gew\u00fcrze<\/li><li>Honig<\/li><li>Internationale Spezialit\u00e4ten<\/li><li>Kaffee<\/li><li>K\u00e4seprodukte \/ Molkereiprodukte<\/li><li>Kochschule<\/li><li>Konditoreiprodukte, Patisserie, Geb\u00e4ck<\/li><li>K\u00fccheneinrichtungen, Gastronomiebedarf, Gartenm\u00f6bel und Grillger\u00e4te<\/li><li>Kulinarische Reisen &amp; Tourismus<\/li><li>Marmelade und Konfit\u00fcre<\/li><li>Obst (Getrocknete Fr\u00fcchte) und Gem\u00fcse<\/li><li>\u00d6le<\/li><li>Schokolade und Confiserie<\/li><li>Sekt, Champagner, Prosecco<\/li><li>Senf<\/li><li>So\u00dfen<\/li><li>Spirituosen (Lik\u00f6re, Br\u00e4nde usw.)<\/li><li>Tabak und \u2013Zubeh\u00f6r<\/li><li>Tee<\/li><li>Tischdekoration, Floristik<\/li><li>Vegane Produkte<\/li><li>Vegetarische Produkte<\/li><li>Wein \/ Handel<\/li><li>Wein \/ Winzer<\/li><li>Wurst, Salami, Schinken<\/li><li>Sonstige Produkte<\/li><\/ul>\t\t\t\t\t\t\t\t<\/div>\n\t\t\t\t<\/div>\n\t\t\t\t\t<\/div>\n\t\t<\/div>\n\t\t\t\t\t<\/div>\n\t\t<\/section>\n\t\t\t\t<\/div>\n\t\t","protected":false},"excerpt":{"rendered":"<p>Nomenklatur Wir freuen uns \u00fcber Aussteller aus den folgenden Produkt- und Dienstleistungskategorien: Alkoholfreie Getr\u00e4nke und S\u00e4fte Bio-Produkte, Biokost Bier Brot, Backwaren Brotaufstrich Cocktails Eiskrem Essige Feinkost und Delikatessen Fisch \u2013 und Meeresfr\u00fcchte Fleisch, Gefl\u00fcgel Gastronomie (Gourmet Speisekarte), Hotels, Restaurants, Catering Gew\u00fcrze Honig Internationale Spezialit\u00e4ten Kaffee K\u00e4seprodukte \/ Molkereiprodukte Kochschule Konditoreiprodukte, Patisserie, Geb\u00e4ck K\u00fccheneinrichtungen, Gastronomiebedarf, Gartenm\u00f6bel [&hellip;]<\/p>\n","protected":false},"author":7,"featured_media":0,"parent":0,"menu_order":0,"comment_status":"closed","ping_status":"closed","template":"elementor_header_footer","meta":{"inline_featured_image":false,"footnotes":""},"class_list":["post-111527","page","type-page","status-publish","hentry"],"yoast_head":"<!-- This site is optimized with the Yoast SEO plugin v27.6 - https:\/\/yoast.com\/product\/yoast-seo-wordpress\/ -->\n<title>Nomenklatur - Gourmet Festivals - Die Messe f\u00fcr den veganen Lebensstil<\/title>\n<meta name=\"description\" content=\"Unser Impressum ist rein pflanzlich. - Lies hier, wer f\u00fcr die VeggieWorld verantwortlich ist. Viel Freude dabei.\" \/>\n<meta name=\"robots\" content=\"index, follow, max-snippet:-1, max-image-preview:large, max-video-preview:-1\" \/>\n<link rel=\"canonical\" href=\"https:\/\/gourmetfestivals.de\/nomenklatur\/\" \/>\n<meta property=\"og:locale\" content=\"en_US\" \/>\n<meta property=\"og:type\" content=\"article\" \/>\n<meta property=\"og:title\" content=\"Nomenklatur - Gourmet Festivals - Die Messe f\u00fcr den veganen Lebensstil\" \/>\n<meta property=\"og:description\" content=\"Unser Impressum ist rein pflanzlich. - Lies hier, wer f\u00fcr die VeggieWorld verantwortlich ist. Viel Freude dabei.\" \/>\n<meta property=\"og:url\" content=\"https:\/\/gourmetfestivals.de\/nomenklatur\/\" \/>\n<meta property=\"og:site_name\" content=\"Gourmet Festivals\" \/>\n<meta property=\"article:modified_time\" content=\"2022-08-05T21:29:36+00:00\" \/>\n<meta name=\"twitter:card\" content=\"summary_large_image\" \/>\n<meta name=\"twitter:label1\" content=\"Est. reading time\" \/>\n\t<meta name=\"twitter:data1\" content=\"1 minute\" \/>\n<script type=\"application\/ld+json\" class=\"yoast-schema-graph\">{\"@context\":\"https:\\\/\\\/schema.org\",\"@graph\":[{\"@type\":\"WebPage\",\"@id\":\"https:\\\/\\\/gourmetfestivals.de\\\/nomenklatur\\\/\",\"url\":\"https:\\\/\\\/gourmetfestivals.de\\\/nomenklatur\\\/\",\"name\":\"Nomenklatur - Gourmet Festivals - Die Messe f\u00fcr den veganen Lebensstil\",\"isPartOf\":{\"@id\":\"https:\\\/\\\/gourmetfestivals.de\\\/#website\"},\"datePublished\":\"2022-08-04T21:44:50+00:00\",\"dateModified\":\"2022-08-05T21:29:36+00:00\",\"description\":\"Unser Impressum ist rein pflanzlich. - Lies hier, wer f\u00fcr die VeggieWorld verantwortlich ist. Viel Freude dabei.\",\"breadcrumb\":{\"@id\":\"https:\\\/\\\/gourmetfestivals.de\\\/nomenklatur\\\/#breadcrumb\"},\"inLanguage\":\"en-US\",\"potentialAction\":[{\"@type\":\"ReadAction\",\"target\":[\"https:\\\/\\\/gourmetfestivals.de\\\/nomenklatur\\\/\"]}]},{\"@type\":\"BreadcrumbList\",\"@id\":\"https:\\\/\\\/gourmetfestivals.de\\\/nomenklatur\\\/#breadcrumb\",\"itemListElement\":[{\"@type\":\"ListItem\",\"position\":1,\"name\":\"Startseite\",\"item\":\"https:\\\/\\\/gourmetfestivals.de\\\/en\\\/\"},{\"@type\":\"ListItem\",\"position\":2,\"name\":\"Nomenklatur\"}]},{\"@type\":\"WebSite\",\"@id\":\"https:\\\/\\\/gourmetfestivals.de\\\/#website\",\"url\":\"https:\\\/\\\/gourmetfestivals.de\\\/\",\"name\":\"Gourmet Festivals\",\"description\":\"Genie\u00dfen mit Freunden\",\"publisher\":{\"@id\":\"https:\\\/\\\/gourmetfestivals.de\\\/#organization\"},\"potentialAction\":[{\"@type\":\"SearchAction\",\"target\":{\"@type\":\"EntryPoint\",\"urlTemplate\":\"https:\\\/\\\/gourmetfestivals.de\\\/?s={search_term_string}\"},\"query-input\":{\"@type\":\"PropertyValueSpecification\",\"valueRequired\":true,\"valueName\":\"search_term_string\"}}],\"inLanguage\":\"en-US\"},{\"@type\":\"Organization\",\"@id\":\"https:\\\/\\\/gourmetfestivals.de\\\/#organization\",\"name\":\"Gourmet Festivals\",\"url\":\"https:\\\/\\\/gourmetfestivals.de\\\/\",\"logo\":{\"@type\":\"ImageObject\",\"inLanguage\":\"en-US\",\"@id\":\"https:\\\/\\\/gourmetfestivals.de\\\/#\\\/schema\\\/logo\\\/image\\\/\",\"url\":\"https:\\\/\\\/gourmetfestivals.de\\\/wp-content\\\/uploads\\\/2022\\\/04\\\/GF_Logos_quer.jpg\",\"contentUrl\":\"https:\\\/\\\/gourmetfestivals.de\\\/wp-content\\\/uploads\\\/2022\\\/04\\\/GF_Logos_quer.jpg\",\"width\":2560,\"height\":448,\"caption\":\"Gourmet Festivals\"},\"image\":{\"@id\":\"https:\\\/\\\/gourmetfestivals.de\\\/#\\\/schema\\\/logo\\\/image\\\/\"}}]}<\/script>\n<!-- \/ Yoast SEO plugin. -->","yoast_head_json":{"title":"Nomenklatur - Gourmet Festivals - Die Messe f\u00fcr den veganen Lebensstil","description":"Unser Impressum ist rein pflanzlich. - Lies hier, wer f\u00fcr die VeggieWorld verantwortlich ist. Viel Freude dabei.","robots":{"index":"index","follow":"follow","max-snippet":"max-snippet:-1","max-image-preview":"max-image-preview:large","max-video-preview":"max-video-preview:-1"},"canonical":"https:\/\/gourmetfestivals.de\/nomenklatur\/","og_locale":"en_US","og_type":"article","og_title":"Nomenklatur - Gourmet Festivals - Die Messe f\u00fcr den veganen Lebensstil","og_description":"Unser Impressum ist rein pflanzlich. - Lies hier, wer f\u00fcr die VeggieWorld verantwortlich ist. Viel Freude dabei.","og_url":"https:\/\/gourmetfestivals.de\/nomenklatur\/","og_site_name":"Gourmet Festivals","article_modified_time":"2022-08-05T21:29:36+00:00","twitter_card":"summary_large_image","twitter_misc":{"Est. reading time":"1 minute"},"schema":{"@context":"https:\/\/schema.org","@graph":[{"@type":"WebPage","@id":"https:\/\/gourmetfestivals.de\/nomenklatur\/","url":"https:\/\/gourmetfestivals.de\/nomenklatur\/","name":"Nomenklatur - Gourmet Festivals - Die Messe f\u00fcr den veganen Lebensstil","isPartOf":{"@id":"https:\/\/gourmetfestivals.de\/#website"},"datePublished":"2022-08-04T21:44:50+00:00","dateModified":"2022-08-05T21:29:36+00:00","description":"Unser Impressum ist rein pflanzlich. - Lies hier, wer f\u00fcr die VeggieWorld verantwortlich ist. Viel Freude dabei.","breadcrumb":{"@id":"https:\/\/gourmetfestivals.de\/nomenklatur\/#breadcrumb"},"inLanguage":"en-US","potentialAction":[{"@type":"ReadAction","target":["https:\/\/gourmetfestivals.de\/nomenklatur\/"]}]},{"@type":"BreadcrumbList","@id":"https:\/\/gourmetfestivals.de\/nomenklatur\/#breadcrumb","itemListElement":[{"@type":"ListItem","position":1,"name":"Startseite","item":"https:\/\/gourmetfestivals.de\/en\/"},{"@type":"ListItem","position":2,"name":"Nomenklatur"}]},{"@type":"WebSite","@id":"https:\/\/gourmetfestivals.de\/#website","url":"https:\/\/gourmetfestivals.de\/","name":"Gourmet Festivals","description":"Genie\u00dfen mit Freunden","publisher":{"@id":"https:\/\/gourmetfestivals.de\/#organization"},"potentialAction":[{"@type":"SearchAction","target":{"@type":"EntryPoint","urlTemplate":"https:\/\/gourmetfestivals.de\/?s={search_term_string}"},"query-input":{"@type":"PropertyValueSpecification","valueRequired":true,"valueName":"search_term_string"}}],"inLanguage":"en-US"},{"@type":"Organization","@id":"https:\/\/gourmetfestivals.de\/#organization","name":"Gourmet Festivals","url":"https:\/\/gourmetfestivals.de\/","logo":{"@type":"ImageObject","inLanguage":"en-US","@id":"https:\/\/gourmetfestivals.de\/#\/schema\/logo\/image\/","url":"https:\/\/gourmetfestivals.de\/wp-content\/uploads\/2022\/04\/GF_Logos_quer.jpg","contentUrl":"https:\/\/gourmetfestivals.de\/wp-content\/uploads\/2022\/04\/GF_Logos_quer.jpg","width":2560,"height":448,"caption":"Gourmet Festivals"},"image":{"@id":"https:\/\/gourmetfestivals.de\/#\/schema\/logo\/image\/"}}]}},"wpml_current_locale":"de_DE","wpml_translations":[],"_links":{"self":[{"href":"https:\/\/gourmetfestivals.de\/en\/wp-json\/wp\/v2\/pages\/111527","targetHints":{"allow":["GET"]}}],"collection":[{"href":"https:\/\/gourmetfestivals.de\/en\/wp-json\/wp\/v2\/pages"}],"about":[{"href":"https:\/\/gourmetfestivals.de\/en\/wp-json\/wp\/v2\/types\/page"}],"author":[{"embeddable":true,"href":"https:\/\/gourmetfestivals.de\/en\/wp-json\/wp\/v2\/users\/7"}],"replies":[{"embeddable":true,"href":"https:\/\/gourmetfestivals.de\/en\/wp-json\/wp\/v2\/comments?post=111527"}],"version-history":[{"count":7,"href":"https:\/\/gourmetfestivals.de\/en\/wp-json\/wp\/v2\/pages\/111527\/revisions"}],"predecessor-version":[{"id":111534,"href":"https:\/\/gourmetfestivals.de\/en\/wp-json\/wp\/v2\/pages\/111527\/revisions\/111534"}],"wp:attachment":[{"href":"https:\/\/gourmetfestivals.de\/en\/wp-json\/wp\/v2\/media?parent=111527"}],"curies":[{"name":"wp","href":"https:\/\/api.w.org\/{rel}","templated":true}]}}