{"id":111615,"date":"2022-08-05T14:06:45","date_gmt":"2022-08-05T12:06:45","guid":{"rendered":"https:\/\/brocken.bbmms.net\/?page_id=111615"},"modified":"2025-07-28T23:54:08","modified_gmt":"2025-07-28T21:54:08","slug":"metro","status":"publish","type":"page","link":"https:\/\/gourmetfestivals.de\/en\/metro\/","title":{"rendered":"METRO"},"content":{"rendered":"\t\t<div data-elementor-type=\"wp-page\" data-elementor-id=\"111615\" class=\"elementor elementor-111615\" data-elementor-post-type=\"page\">\n\t\t\t\t\t\t<section class=\"elementor-section elementor-top-section elementor-element elementor-element-dea4a5a elementor-section-stretched elementor-section-boxed elementor-section-height-default elementor-section-height-default\" data-id=\"dea4a5a\" data-element_type=\"section\" data-e-type=\"section\" data-settings=\"{&quot;stretch_section&quot;:&quot;section-stretched&quot;,&quot;background_background&quot;:&quot;classic&quot;}\">\n\t\t\t\t\t\t<div class=\"elementor-container elementor-column-gap-default\">\n\t\t\t\t\t<div class=\"elementor-column elementor-col-100 elementor-top-column elementor-element elementor-element-24652ff\" data-id=\"24652ff\" data-element_type=\"column\" data-e-type=\"column\">\n\t\t\t<div class=\"elementor-widget-wrap elementor-element-populated\">\n\t\t\t\t\t\t<div class=\"elementor-element elementor-element-632cc93 hyphenate elementor-widget elementor-widget-heading\" data-id=\"632cc93\" data-element_type=\"widget\" data-e-type=\"widget\" data-widget_type=\"heading.default\">\n\t\t\t\t<div class=\"elementor-widget-container\">\n\t\t\t\t\t<h1 class=\"elementor-heading-title elementor-size-default\">HAUPTSPONSOR METRO<\/h1>\t\t\t\t<\/div>\n\t\t\t\t<\/div>\n\t\t\t\t<div class=\"elementor-element elementor-element-fc22337 elementor-widget elementor-widget-spacer\" data-id=\"fc22337\" data-element_type=\"widget\" data-e-type=\"widget\" data-widget_type=\"spacer.default\">\n\t\t\t\t<div class=\"elementor-widget-container\">\n\t\t\t\t\t\t\t<div class=\"elementor-spacer\">\n\t\t\t<div class=\"elementor-spacer-inner\"><\/div>\n\t\t<\/div>\n\t\t\t\t\t\t<\/div>\n\t\t\t\t<\/div>\n\t\t\t\t<div class=\"elementor-element elementor-element-c29a8df elementor-widget elementor-widget-image\" data-id=\"c29a8df\" data-element_type=\"widget\" data-e-type=\"widget\" data-widget_type=\"image.default\">\n\t\t\t\t<div class=\"elementor-widget-container\">\n\t\t\t\t\t\t\t\t\t\t\t\t\t\t\t<img decoding=\"async\" width=\"300\" height=\"86\" src=\"https:\/\/gourmetfestivals.de\/wp-content\/uploads\/2022\/04\/METRO-BM-FC-RGB-768x219-1-300x86.jpg\" class=\"attachment-medium size-medium wp-image-109524\" alt=\"\" srcset=\"https:\/\/gourmetfestivals.de\/wp-content\/uploads\/2022\/04\/METRO-BM-FC-RGB-768x219-1-300x86.jpg 300w, https:\/\/gourmetfestivals.de\/wp-content\/uploads\/2022\/04\/METRO-BM-FC-RGB-768x219-1.jpg 768w\" sizes=\"(max-width: 300px) 100vw, 300px\" \/>\t\t\t\t\t\t\t\t\t\t\t\t\t\t\t<\/div>\n\t\t\t\t<\/div>\n\t\t\t\t\t<\/div>\n\t\t<\/div>\n\t\t\t\t\t<\/div>\n\t\t<\/section>\n\t\t\t\t<section class=\"elementor-section elementor-top-section elementor-element elementor-element-3294d46 elementor-section-stretched elementor-section-boxed elementor-section-height-default elementor-section-height-default\" data-id=\"3294d46\" data-element_type=\"section\" data-e-type=\"section\" data-settings=\"{&quot;stretch_section&quot;:&quot;section-stretched&quot;}\">\n\t\t\t\t\t\t\t<div class=\"elementor-background-overlay\"><\/div>\n\t\t\t\t\t\t\t<div class=\"elementor-container elementor-column-gap-default\">\n\t\t\t\t\t<div class=\"elementor-column elementor-col-100 elementor-top-column elementor-element elementor-element-1d22c58\" data-id=\"1d22c58\" data-element_type=\"column\" data-e-type=\"column\">\n\t\t\t<div class=\"elementor-widget-wrap elementor-element-populated\">\n\t\t\t\t\t\t<div class=\"elementor-element elementor-element-52522c3 elementor-widget elementor-widget-spacer\" data-id=\"52522c3\" data-element_type=\"widget\" data-e-type=\"widget\" data-widget_type=\"spacer.default\">\n\t\t\t\t<div class=\"elementor-widget-container\">\n\t\t\t\t\t\t\t<div class=\"elementor-spacer\">\n\t\t\t<div class=\"elementor-spacer-inner\"><\/div>\n\t\t<\/div>\n\t\t\t\t\t\t<\/div>\n\t\t\t\t<\/div>\n\t\t\t\t\t<\/div>\n\t\t<\/div>\n\t\t\t\t\t<\/div>\n\t\t<\/section>\n\t\t\t\t<section class=\"elementor-section elementor-top-section elementor-element elementor-element-a89d938 elementor-section-stretched elementor-section-boxed elementor-section-height-default elementor-section-height-default\" data-id=\"a89d938\" data-element_type=\"section\" data-e-type=\"section\" data-settings=\"{&quot;stretch_section&quot;:&quot;section-stretched&quot;}\">\n\t\t\t\t\t\t<div class=\"elementor-container elementor-column-gap-default\">\n\t\t\t\t\t<div class=\"elementor-column elementor-col-100 elementor-top-column elementor-element elementor-element-3be9bc9\" data-id=\"3be9bc9\" data-element_type=\"column\" data-e-type=\"column\">\n\t\t\t<div class=\"elementor-widget-wrap elementor-element-populated\">\n\t\t\t\t\t\t<div class=\"elementor-element elementor-element-5b8fd6f elementor-widget elementor-widget-spacer\" data-id=\"5b8fd6f\" data-element_type=\"widget\" data-e-type=\"widget\" data-widget_type=\"spacer.default\">\n\t\t\t\t<div class=\"elementor-widget-container\">\n\t\t\t\t\t\t\t<div class=\"elementor-spacer\">\n\t\t\t<div class=\"elementor-spacer-inner\"><\/div>\n\t\t<\/div>\n\t\t\t\t\t\t<\/div>\n\t\t\t\t<\/div>\n\t\t\t\t<div class=\"elementor-element elementor-element-e2e34b7 elementor-widget elementor-widget-heading\" data-id=\"e2e34b7\" data-element_type=\"widget\" data-e-type=\"widget\" data-widget_type=\"heading.default\">\n\t\t\t\t<div class=\"elementor-widget-container\">\n\t\t\t\t\t<h2 class=\"elementor-heading-title elementor-size-default\">METRO HAUPTSPONSOR SEIT 2022<\/h2>\t\t\t\t<\/div>\n\t\t\t\t<\/div>\n\t\t\t\t<div class=\"elementor-element elementor-element-e1c80af elementor-widget elementor-widget-text-editor\" data-id=\"e1c80af\" data-element_type=\"widget\" data-e-type=\"widget\" data-widget_type=\"text-editor.default\">\n\t\t\t\t<div class=\"elementor-widget-container\">\n\t\t\t\t\t\t\t\t\t<p>Wir freuen uns riesig, METRO als Hauptsponsor f\u00fcr die Gourmet Festival Reihe gewonnen zu haben! Dem sehr partnerschaftlichen und produktiven Start der Zusammenarbeit in D\u00fcsseldorf 2022 folgt nun ab 2023 eine Ausweitung der Kooperation auf die Standorte M\u00f6nchengladbach und K\u00f6ln.<\/p>\t\t\t\t\t\t\t\t<\/div>\n\t\t\t\t<\/div>\n\t\t\t\t<div class=\"elementor-element elementor-element-b4564b2 elementor-widget elementor-widget-spacer\" data-id=\"b4564b2\" data-element_type=\"widget\" data-e-type=\"widget\" data-widget_type=\"spacer.default\">\n\t\t\t\t<div class=\"elementor-widget-container\">\n\t\t\t\t\t\t\t<div class=\"elementor-spacer\">\n\t\t\t<div class=\"elementor-spacer-inner\"><\/div>\n\t\t<\/div>\n\t\t\t\t\t\t<\/div>\n\t\t\t\t<\/div>\n\t\t\t\t<div class=\"elementor-element elementor-element-ba92f9e elementor-widget elementor-widget-video\" data-id=\"ba92f9e\" data-element_type=\"widget\" data-e-type=\"widget\" data-settings=\"{&quot;youtube_url&quot;:&quot;https:\\\/\\\/www.youtube.com\\\/watch?v=POs5gKEtMuw&amp;ab_channel=METRO&quot;,&quot;video_type&quot;:&quot;youtube&quot;,&quot;controls&quot;:&quot;yes&quot;}\" data-widget_type=\"video.default\">\n\t\t\t\t<div class=\"elementor-widget-container\">\n\t\t\t\t\t\t\t<div class=\"elementor-wrapper elementor-open-inline\">\n\t\t\t<div class=\"elementor-video\"><\/div>\t\t<\/div>\n\t\t\t\t\t\t<\/div>\n\t\t\t\t<\/div>\n\t\t\t\t<div class=\"elementor-element elementor-element-6fccb6d elementor-widget elementor-widget-text-editor\" data-id=\"6fccb6d\" data-element_type=\"widget\" data-e-type=\"widget\" data-widget_type=\"text-editor.default\">\n\t\t\t\t<div class=\"elementor-widget-container\">\n\t\t\t\t\t\t\t\t\t<p>\u201eWir freuen uns, die Gourmet Festivals als Hauptsponsor sowohl finanziell als auch als Partner der Gastronomie ganz handfest unterst\u00fctzen zu k\u00f6nnen. Diese Partnerschaft entspricht unserer Ausrichtung auf Hotels, Restaurants und Catering. Zugleich er\u00f6ffnet uns dieses Engagement die Chance, am Sitz unserer Hauptverwaltung hier in der Landeshauptstadt D\u00fcsseldorf ein popul\u00e4res Gourmet-Event f\u00fcr alle B\u00fcrger, unsere Kunden und unsere Mitarbeiter zu f\u00f6rdern. Und mit unseren Standorten in Neuss, Krefeld und K\u00f6ln sind wir dar\u00fcberhinaus in der Lage, die Festivals in M\u00f6nchengladbach und K\u00f6ln tatkr\u00e4ftig zu unterst\u00fctzen\u201c, sagt Steffen Greubel, Vorstandsvorsitzender der METRO AG.<\/p><p><br><\/p>\n<p><\/p>\n<p>Hendrik Schellkes, Gesch\u00e4ftsf\u00fchrer der Wellfairs GmbH, ist ebenfalls sehr erfreut \u00fcber die erweiterete Partnerschaft: \u201eDie METRO AG ist als Hauptsponsor ein gro\u00dfer Gewinn f\u00fcr die Gourmet Festivals. Als f\u00fchrender internationaler Gro\u00dfh\u00e4ndler f\u00fcr die HoReCa-Branche ist sie ein wichtiges Bindeglied zwischen unseren Ausstellern und Fachbesuchern.\u201c&nbsp;<\/p>\t\t\t\t\t\t\t\t<\/div>\n\t\t\t\t<\/div>\n\t\t\t\t<div class=\"elementor-element elementor-element-02cd324 elementor-widget elementor-widget-spacer\" data-id=\"02cd324\" data-element_type=\"widget\" data-e-type=\"widget\" data-widget_type=\"spacer.default\">\n\t\t\t\t<div class=\"elementor-widget-container\">\n\t\t\t\t\t\t\t<div class=\"elementor-spacer\">\n\t\t\t<div class=\"elementor-spacer-inner\"><\/div>\n\t\t<\/div>\n\t\t\t\t\t\t<\/div>\n\t\t\t\t<\/div>\n\t\t\t\t\t<\/div>\n\t\t<\/div>\n\t\t\t\t\t<\/div>\n\t\t<\/section>\n\t\t\t\t<\/div>\n\t\t","protected":false},"excerpt":{"rendered":"<p>HAUPTSPONSOR METRO METRO HAUPTSPONSOR SEIT 2022 Wir freuen uns riesig, METRO als Hauptsponsor f\u00fcr die Gourmet Festival Reihe gewonnen zu haben! Dem sehr partnerschaftlichen und produktiven Start der Zusammenarbeit in D\u00fcsseldorf 2022 folgt nun ab 2023 eine Ausweitung der Kooperation auf die Standorte M\u00f6nchengladbach und K\u00f6ln. https:\/\/www.youtube.com\/watch?v=POs5gKEtMuw&#038;ab_channel=METRO \u201eWir freuen uns, die Gourmet Festivals als Hauptsponsor [&hellip;]<\/p>\n","protected":false},"author":7,"featured_media":0,"parent":0,"menu_order":0,"comment_status":"closed","ping_status":"closed","template":"","meta":{"inline_featured_image":false,"footnotes":""},"class_list":["post-111615","page","type-page","status-publish","hentry"],"yoast_head":"<!-- This site is optimized with the Yoast SEO plugin v27.5 - https:\/\/yoast.com\/product\/yoast-seo-wordpress\/ -->\n<title>METRO - Hauptsponsor der Gourmet Festivals<\/title>\n<meta name=\"description\" content=\"Deine exklusiven Food Festivals in D\u00fcsseldorf, K\u00f6ln und M\u00f6nchengladbach- Schlendern, Schlemmen, Genie\u00dfen. Seit 2022 mit der Unterst\u00fctzung der METRO als Hauptsponsor\" \/>\n<meta name=\"robots\" content=\"index, follow, max-snippet:-1, max-image-preview:large, max-video-preview:-1\" \/>\n<link rel=\"canonical\" href=\"https:\/\/gourmetfestivals.de\/metro\/\" \/>\n<meta property=\"og:locale\" content=\"en_US\" \/>\n<meta property=\"og:type\" content=\"article\" \/>\n<meta property=\"og:title\" content=\"METRO - Hauptsponsor der Gourmet Festivals\" \/>\n<meta property=\"og:description\" content=\"Deine exklusiven Food Festivals in D\u00fcsseldorf, K\u00f6ln und M\u00f6nchengladbach- Schlendern, Schlemmen, Genie\u00dfen. Seit 2022 mit der Unterst\u00fctzung der METRO als Hauptsponsor\" \/>\n<meta property=\"og:url\" content=\"https:\/\/gourmetfestivals.de\/metro\/\" \/>\n<meta property=\"og:site_name\" content=\"Gourmet Festivals\" \/>\n<meta property=\"article:modified_time\" content=\"2025-07-28T21:54:08+00:00\" \/>\n<meta property=\"og:image\" content=\"https:\/\/gourmetfestivals.de\/wp-content\/uploads\/2022\/04\/METRO-BM-FC-RGB-768x219-1.jpg\" \/>\n\t<meta property=\"og:image:width\" content=\"768\" \/>\n\t<meta property=\"og:image:height\" content=\"219\" \/>\n\t<meta property=\"og:image:type\" content=\"image\/jpeg\" \/>\n<meta name=\"twitter:card\" content=\"summary_large_image\" \/>\n<meta name=\"twitter:label1\" content=\"Est. reading time\" \/>\n\t<meta name=\"twitter:data1\" content=\"2 minutes\" \/>\n<script type=\"application\/ld+json\" class=\"yoast-schema-graph\">{\"@context\":\"https:\\\/\\\/schema.org\",\"@graph\":[{\"@type\":\"WebPage\",\"@id\":\"https:\\\/\\\/gourmetfestivals.de\\\/metro\\\/\",\"url\":\"https:\\\/\\\/gourmetfestivals.de\\\/metro\\\/\",\"name\":\"METRO - Hauptsponsor der Gourmet Festivals\",\"isPartOf\":{\"@id\":\"https:\\\/\\\/gourmetfestivals.de\\\/#website\"},\"primaryImageOfPage\":{\"@id\":\"https:\\\/\\\/gourmetfestivals.de\\\/metro\\\/#primaryimage\"},\"image\":{\"@id\":\"https:\\\/\\\/gourmetfestivals.de\\\/metro\\\/#primaryimage\"},\"thumbnailUrl\":\"https:\\\/\\\/gourmetfestivals.de\\\/wp-content\\\/uploads\\\/2022\\\/04\\\/METRO-BM-FC-RGB-768x219-1-300x86.jpg\",\"datePublished\":\"2022-08-05T12:06:45+00:00\",\"dateModified\":\"2025-07-28T21:54:08+00:00\",\"description\":\"Deine exklusiven Food Festivals in D\u00fcsseldorf, K\u00f6ln und M\u00f6nchengladbach- Schlendern, Schlemmen, Genie\u00dfen. Seit 2022 mit der Unterst\u00fctzung der METRO als Hauptsponsor\",\"breadcrumb\":{\"@id\":\"https:\\\/\\\/gourmetfestivals.de\\\/metro\\\/#breadcrumb\"},\"inLanguage\":\"en-US\",\"potentialAction\":[{\"@type\":\"ReadAction\",\"target\":[\"https:\\\/\\\/gourmetfestivals.de\\\/metro\\\/\"]}]},{\"@type\":\"ImageObject\",\"inLanguage\":\"en-US\",\"@id\":\"https:\\\/\\\/gourmetfestivals.de\\\/metro\\\/#primaryimage\",\"url\":\"https:\\\/\\\/gourmetfestivals.de\\\/wp-content\\\/uploads\\\/2022\\\/04\\\/METRO-BM-FC-RGB-768x219-1-300x86.jpg\",\"contentUrl\":\"https:\\\/\\\/gourmetfestivals.de\\\/wp-content\\\/uploads\\\/2022\\\/04\\\/METRO-BM-FC-RGB-768x219-1-300x86.jpg\"},{\"@type\":\"BreadcrumbList\",\"@id\":\"https:\\\/\\\/gourmetfestivals.de\\\/metro\\\/#breadcrumb\",\"itemListElement\":[{\"@type\":\"ListItem\",\"position\":1,\"name\":\"Startseite\",\"item\":\"https:\\\/\\\/gourmetfestivals.de\\\/en\\\/\"},{\"@type\":\"ListItem\",\"position\":2,\"name\":\"METRO\"}]},{\"@type\":\"WebSite\",\"@id\":\"https:\\\/\\\/gourmetfestivals.de\\\/#website\",\"url\":\"https:\\\/\\\/gourmetfestivals.de\\\/\",\"name\":\"Gourmet Festivals\",\"description\":\"Genie\u00dfen mit Freunden\",\"publisher\":{\"@id\":\"https:\\\/\\\/gourmetfestivals.de\\\/#organization\"},\"potentialAction\":[{\"@type\":\"SearchAction\",\"target\":{\"@type\":\"EntryPoint\",\"urlTemplate\":\"https:\\\/\\\/gourmetfestivals.de\\\/?s={search_term_string}\"},\"query-input\":{\"@type\":\"PropertyValueSpecification\",\"valueRequired\":true,\"valueName\":\"search_term_string\"}}],\"inLanguage\":\"en-US\"},{\"@type\":\"Organization\",\"@id\":\"https:\\\/\\\/gourmetfestivals.de\\\/#organization\",\"name\":\"Gourmet Festivals\",\"url\":\"https:\\\/\\\/gourmetfestivals.de\\\/\",\"logo\":{\"@type\":\"ImageObject\",\"inLanguage\":\"en-US\",\"@id\":\"https:\\\/\\\/gourmetfestivals.de\\\/#\\\/schema\\\/logo\\\/image\\\/\",\"url\":\"https:\\\/\\\/gourmetfestivals.de\\\/wp-content\\\/uploads\\\/2022\\\/04\\\/GF_Logos_quer.jpg\",\"contentUrl\":\"https:\\\/\\\/gourmetfestivals.de\\\/wp-content\\\/uploads\\\/2022\\\/04\\\/GF_Logos_quer.jpg\",\"width\":2560,\"height\":448,\"caption\":\"Gourmet Festivals\"},\"image\":{\"@id\":\"https:\\\/\\\/gourmetfestivals.de\\\/#\\\/schema\\\/logo\\\/image\\\/\"}}]}<\/script>\n<!-- \/ Yoast SEO plugin. -->","yoast_head_json":{"title":"METRO - Hauptsponsor der Gourmet Festivals","description":"Deine exklusiven Food Festivals in D\u00fcsseldorf, K\u00f6ln und M\u00f6nchengladbach- Schlendern, Schlemmen, Genie\u00dfen. Seit 2022 mit der Unterst\u00fctzung der METRO als Hauptsponsor","robots":{"index":"index","follow":"follow","max-snippet":"max-snippet:-1","max-image-preview":"max-image-preview:large","max-video-preview":"max-video-preview:-1"},"canonical":"https:\/\/gourmetfestivals.de\/metro\/","og_locale":"en_US","og_type":"article","og_title":"METRO - Hauptsponsor der Gourmet Festivals","og_description":"Deine exklusiven Food Festivals in D\u00fcsseldorf, K\u00f6ln und M\u00f6nchengladbach- Schlendern, Schlemmen, Genie\u00dfen. Seit 2022 mit der Unterst\u00fctzung der METRO als Hauptsponsor","og_url":"https:\/\/gourmetfestivals.de\/metro\/","og_site_name":"Gourmet Festivals","article_modified_time":"2025-07-28T21:54:08+00:00","og_image":[{"width":768,"height":219,"url":"https:\/\/gourmetfestivals.de\/wp-content\/uploads\/2022\/04\/METRO-BM-FC-RGB-768x219-1.jpg","type":"image\/jpeg"}],"twitter_card":"summary_large_image","twitter_misc":{"Est. reading time":"2 minutes"},"schema":{"@context":"https:\/\/schema.org","@graph":[{"@type":"WebPage","@id":"https:\/\/gourmetfestivals.de\/metro\/","url":"https:\/\/gourmetfestivals.de\/metro\/","name":"METRO - Hauptsponsor der Gourmet Festivals","isPartOf":{"@id":"https:\/\/gourmetfestivals.de\/#website"},"primaryImageOfPage":{"@id":"https:\/\/gourmetfestivals.de\/metro\/#primaryimage"},"image":{"@id":"https:\/\/gourmetfestivals.de\/metro\/#primaryimage"},"thumbnailUrl":"https:\/\/gourmetfestivals.de\/wp-content\/uploads\/2022\/04\/METRO-BM-FC-RGB-768x219-1-300x86.jpg","datePublished":"2022-08-05T12:06:45+00:00","dateModified":"2025-07-28T21:54:08+00:00","description":"Deine exklusiven Food Festivals in D\u00fcsseldorf, K\u00f6ln und M\u00f6nchengladbach- Schlendern, Schlemmen, Genie\u00dfen. Seit 2022 mit der Unterst\u00fctzung der METRO als Hauptsponsor","breadcrumb":{"@id":"https:\/\/gourmetfestivals.de\/metro\/#breadcrumb"},"inLanguage":"en-US","potentialAction":[{"@type":"ReadAction","target":["https:\/\/gourmetfestivals.de\/metro\/"]}]},{"@type":"ImageObject","inLanguage":"en-US","@id":"https:\/\/gourmetfestivals.de\/metro\/#primaryimage","url":"https:\/\/gourmetfestivals.de\/wp-content\/uploads\/2022\/04\/METRO-BM-FC-RGB-768x219-1-300x86.jpg","contentUrl":"https:\/\/gourmetfestivals.de\/wp-content\/uploads\/2022\/04\/METRO-BM-FC-RGB-768x219-1-300x86.jpg"},{"@type":"BreadcrumbList","@id":"https:\/\/gourmetfestivals.de\/metro\/#breadcrumb","itemListElement":[{"@type":"ListItem","position":1,"name":"Startseite","item":"https:\/\/gourmetfestivals.de\/en\/"},{"@type":"ListItem","position":2,"name":"METRO"}]},{"@type":"WebSite","@id":"https:\/\/gourmetfestivals.de\/#website","url":"https:\/\/gourmetfestivals.de\/","name":"Gourmet Festivals","description":"Genie\u00dfen mit Freunden","publisher":{"@id":"https:\/\/gourmetfestivals.de\/#organization"},"potentialAction":[{"@type":"SearchAction","target":{"@type":"EntryPoint","urlTemplate":"https:\/\/gourmetfestivals.de\/?s={search_term_string}"},"query-input":{"@type":"PropertyValueSpecification","valueRequired":true,"valueName":"search_term_string"}}],"inLanguage":"en-US"},{"@type":"Organization","@id":"https:\/\/gourmetfestivals.de\/#organization","name":"Gourmet Festivals","url":"https:\/\/gourmetfestivals.de\/","logo":{"@type":"ImageObject","inLanguage":"en-US","@id":"https:\/\/gourmetfestivals.de\/#\/schema\/logo\/image\/","url":"https:\/\/gourmetfestivals.de\/wp-content\/uploads\/2022\/04\/GF_Logos_quer.jpg","contentUrl":"https:\/\/gourmetfestivals.de\/wp-content\/uploads\/2022\/04\/GF_Logos_quer.jpg","width":2560,"height":448,"caption":"Gourmet Festivals"},"image":{"@id":"https:\/\/gourmetfestivals.de\/#\/schema\/logo\/image\/"}}]}},"wpml_current_locale":"de_DE","wpml_translations":[],"_links":{"self":[{"href":"https:\/\/gourmetfestivals.de\/en\/wp-json\/wp\/v2\/pages\/111615","targetHints":{"allow":["GET"]}}],"collection":[{"href":"https:\/\/gourmetfestivals.de\/en\/wp-json\/wp\/v2\/pages"}],"about":[{"href":"https:\/\/gourmetfestivals.de\/en\/wp-json\/wp\/v2\/types\/page"}],"author":[{"embeddable":true,"href":"https:\/\/gourmetfestivals.de\/en\/wp-json\/wp\/v2\/users\/7"}],"replies":[{"embeddable":true,"href":"https:\/\/gourmetfestivals.de\/en\/wp-json\/wp\/v2\/comments?post=111615"}],"version-history":[{"count":33,"href":"https:\/\/gourmetfestivals.de\/en\/wp-json\/wp\/v2\/pages\/111615\/revisions"}],"predecessor-version":[{"id":119887,"href":"https:\/\/gourmetfestivals.de\/en\/wp-json\/wp\/v2\/pages\/111615\/revisions\/119887"}],"wp:attachment":[{"href":"https:\/\/gourmetfestivals.de\/en\/wp-json\/wp\/v2\/media?parent=111615"}],"curies":[{"name":"wp","href":"https:\/\/api.w.org\/{rel}","templated":true}]}}